{"id":403,"date":"2023-05-24T15:37:13","date_gmt":"2023-05-24T15:37:13","guid":{"rendered":"https:\/\/www.iptveurope4k.store\/?page_id=403"},"modified":"2025-11-24T09:02:08","modified_gmt":"2025-11-24T09:02:08","slug":"terms-conditions","status":"publish","type":"page","link":"https:\/\/hyper-tv.store\/nl\/terms-conditions\/","title":{"rendered":"AGB"},"content":{"rendered":"<div data-elementor-type=\"wp-page\" data-elementor-id=\"403\" class=\"elementor elementor-403\" data-elementor-post-type=\"page\">\n\t\t\t\t\t\t<section class=\"elementor-section elementor-top-section elementor-element elementor-element-856ac7e elementor-section-boxed elementor-section-height-default elementor-section-height-default\" data-id=\"856ac7e\" data-element_type=\"section\">\n\t\t\t\t\t\t<div class=\"elementor-container elementor-column-gap-default\">\n\t\t\t\t\t<div class=\"elementor-column elementor-col-100 elementor-top-column elementor-element elementor-element-cba44a3\" data-id=\"cba44a3\" data-element_type=\"column\">\n\t\t\t<div class=\"elementor-widget-wrap elementor-element-populated\">\n\t\t\t\t\t\t<div class=\"elementor-element elementor-element-cb66190 elementor-widget elementor-widget-heading\" data-id=\"cb66190\" data-element_type=\"widget\" data-widget_type=\"heading.default\">\n\t\t\t\t\t<h2 class=\"elementor-heading-title elementor-size-default\">Allgemeine Gesch\u00e4ftsbedingungen (AGB)<\/h2>\t\t\t\t<\/div>\n\t\t\t\t\t<\/div>\n\t\t<\/div>\n\t\t\t\t\t<\/div>\n\t\t<\/section>\n\t\t\t\t<section class=\"elementor-section elementor-top-section elementor-element elementor-element-610c01b3 elementor-section-boxed elementor-section-height-default elementor-section-height-default\" data-id=\"610c01b3\" data-element_type=\"section\">\n\t\t\t\t\t\t<div class=\"elementor-container elementor-column-gap-default\">\n\t\t\t\t\t<div class=\"elementor-column elementor-col-100 elementor-top-column elementor-element elementor-element-5b6dfd32\" data-id=\"5b6dfd32\" data-element_type=\"column\">\n\t\t\t<div class=\"elementor-widget-wrap elementor-element-populated\">\n\t\t\t\t\t\t<div class=\"elementor-element elementor-element-636e6c90 elementor-widget elementor-widget-text-editor\" data-id=\"636e6c90\" data-element_type=\"widget\" data-widget_type=\"text-editor.default\">\n\t\t\t\t\t\t\t\t\t\n<p data-start=\"94\" data-end=\"283\">Willkommen auf unserer Website! Durch die Nutzung unserer Dienste erkl\u00e4ren Sie sich mit den folgenden Allgemeinen Gesch\u00e4ftsbedingungen einverstanden. Bitte lesen Sie diese sorgf\u00e4ltig durch.<\/p>\n<p data-start=\"285\" data-end=\"587\"><strong data-start=\"285\" data-end=\"299\">\u00dcberblick:<\/strong><br data-start=\"299\" data-end=\"302\" \/>Diese Website bietet IPTV-Dienste an, die es Ihnen erm\u00f6glichen, \u00fcber das Internet auf Live- und aufgezeichnete Fernsehsender, Filme und andere Videoinhalte zuzugreifen. Durch den Kauf eines Abonnements erhalten Sie Zugang zu unseren Diensten und stimmen unseren Nutzungsbedingungen zu.<\/p>\n<p data-start=\"589\" data-end=\"775\"><strong data-start=\"589\" data-end=\"601\">Zahlung:<\/strong><br data-start=\"601\" data-end=\"604\" \/>Wir bieten monatliche und j\u00e4hrliche Abonnementpl\u00e4ne an. Zahlungen k\u00f6nnen mit Kredit- oder Debitkarte, PayPal oder anderen akzeptierten Zahlungsmethoden vorgenommen werden.<\/p>\n<p data-start=\"777\" data-end=\"1091\"><strong data-start=\"777\" data-end=\"789\">Nutzung:<\/strong><br data-start=\"789\" data-end=\"792\" \/>Unsere Dienste sind ausschlie\u00dflich f\u00fcr den pers\u00f6nlichen, nicht-kommerziellen Gebrauch bestimmt. Sie d\u00fcrfen Ihr Abonnement nicht mit anderen teilen oder f\u00fcr \u00f6ffentliche Vorf\u00fchrungen nutzen. Wir behalten uns das Recht vor, Ihr Abonnement zu k\u00fcndigen, wenn wir den Verdacht haben, dass es geteilt wird.<\/p>\n<p data-start=\"1093\" data-end=\"1358\"><strong data-start=\"1093\" data-end=\"1107\">K\u00fcndigung:<\/strong><br data-start=\"1107\" data-end=\"1110\" \/>Wir behalten uns das Recht vor, Ihr Abonnement jederzeit zu k\u00fcndigen, wenn Sie gegen unsere Nutzungsbedingungen versto\u00dfen. Wir behalten uns au\u00dferdem das Recht vor, unsere Dienste jederzeit und ohne vorherige Ank\u00fcndigung zu \u00e4ndern oder einzustellen.<\/p>\n<p data-start=\"1360\" data-end=\"1679\"><strong data-start=\"1360\" data-end=\"1399\">\u00c4nderungen der Nutzungsbedingungen:<\/strong><br data-start=\"1399\" data-end=\"1402\" \/>Wir behalten uns das Recht vor, diese Nutzungsbedingungen jederzeit zu \u00e4ndern. \u00c4nderungen treten sofort nach ihrer Ver\u00f6ffentlichung auf dieser Website in Kraft. Ihre weitere Nutzung unserer Dienste nach der Ver\u00f6ffentlichung bedeutet, dass Sie die neuen Bedingungen akzeptieren.<\/p>\n\t\t\t\t\t\t\t\t<\/div>\n\t\t\t\t\t<\/div>\n\t\t<\/div>\n\t\t\t\t\t<\/div>\n\t\t<\/section>\n\t\t\t\t<\/div>","protected":false},"excerpt":{"rendered":"<p>Allgemeine Gesch\u00e4ftsbedingungen (AGB) Willkommen auf unserer Website! Durch die Nutzung unserer Dienste erkl\u00e4ren Sie sich mit den folgenden Allgemeinen Gesch\u00e4ftsbedingungen einverstanden. Bitte lesen Sie diese sorgf\u00e4ltig durch. \u00dcberblick:Diese Website bietet IPTV-Dienste an, die es Ihnen erm\u00f6glichen, \u00fcber das Internet auf Live- und aufgezeichnete Fernsehsender, Filme und andere Videoinhalte zuzugreifen. Durch den Kauf eines Abonnements erhalten Sie Zugang zu unseren Diensten [&hellip;]<\/p>","protected":false},"author":4,"featured_media":0,"parent":0,"menu_order":0,"comment_status":"closed","ping_status":"closed","template":"elementor_header_footer","meta":{"om_disable_all_campaigns":false,"_monsterinsights_skip_tracking":false,"_monsterinsights_sitenote_active":false,"_monsterinsights_sitenote_note":"","_monsterinsights_sitenote_category":0,"footnotes":""},"class_list":["post-403","page","type-page","status-publish","hentry"],"aioseo_notices":[],"_links":{"self":[{"href":"https:\/\/hyper-tv.store\/nl\/wp-json\/wp\/v2\/pages\/403","targetHints":{"allow":["GET"]}}],"collection":[{"href":"https:\/\/hyper-tv.store\/nl\/wp-json\/wp\/v2\/pages"}],"about":[{"href":"https:\/\/hyper-tv.store\/nl\/wp-json\/wp\/v2\/types\/page"}],"author":[{"embeddable":true,"href":"https:\/\/hyper-tv.store\/nl\/wp-json\/wp\/v2\/users\/4"}],"replies":[{"embeddable":true,"href":"https:\/\/hyper-tv.store\/nl\/wp-json\/wp\/v2\/comments?post=403"}],"version-history":[{"count":4,"href":"https:\/\/hyper-tv.store\/nl\/wp-json\/wp\/v2\/pages\/403\/revisions"}],"predecessor-version":[{"id":2701,"href":"https:\/\/hyper-tv.store\/nl\/wp-json\/wp\/v2\/pages\/403\/revisions\/2701"}],"wp:attachment":[{"href":"https:\/\/hyper-tv.store\/nl\/wp-json\/wp\/v2\/media?parent=403"}],"curies":[{"name":"wp","href":"https:\/\/api.w.org\/{rel}","templated":true}]}}