{"id":749,"date":"2023-05-25T22:34:57","date_gmt":"2023-05-25T22:34:57","guid":{"rendered":"https:\/\/www.iptveurope4k.store\/?page_id=749"},"modified":"2025-11-24T09:11:11","modified_gmt":"2025-11-24T09:11:11","slug":"channels-list","status":"publish","type":"page","link":"https:\/\/hyper-tv.store\/fr\/channels-list\/","title":{"rendered":"KANALLISTE"},"content":{"rendered":"<div data-elementor-type=\"wp-page\" data-elementor-id=\"749\" class=\"elementor elementor-749\" data-elementor-post-type=\"page\">\n\t\t\t\t\t\t<section class=\"elementor-section elementor-top-section elementor-element elementor-element-4a786c3d elementor-section-boxed elementor-section-height-default elementor-section-height-default\" data-id=\"4a786c3d\" data-element_type=\"section\">\n\t\t\t\t\t\t<div class=\"elementor-container elementor-column-gap-default\">\n\t\t\t\t\t<div class=\"elementor-column elementor-col-100 elementor-top-column elementor-element elementor-element-1a2f6477\" data-id=\"1a2f6477\" data-element_type=\"column\">\n\t\t\t<div class=\"elementor-widget-wrap elementor-element-populated\">\n\t\t\t\t\t\t<div class=\"elementor-element elementor-element-7b334514 elementor-widget elementor-widget-heading\" data-id=\"7b334514\" data-element_type=\"widget\" data-widget_type=\"heading.default\">\n\t\t\t\t\t<h2 class=\"elementor-heading-title elementor-size-default\">Entdecken Sie \u00fcber 17.000 Premium-IPTV-Sender f\u00fcr ein unvergleichliches Fernseherlebnis<\/h2>\t\t\t\t<\/div>\n\t\t\t\t<div class=\"elementor-element elementor-element-8aba557 elementor-widget elementor-widget-text-editor\" data-id=\"8aba557\" data-element_type=\"widget\" data-widget_type=\"text-editor.default\">\n\t\t\t\t\t\t\t\t\t<p data-start=\"0\" data-end=\"332\"><strong data-start=\"0\" data-end=\"86\">Suchen Sie nach einer g\u00fcnstigen M\u00f6glichkeit, auf Ihre Lieblingssender zuzugreifen?<\/strong><br data-start=\"86\" data-end=\"89\" \/>Dann ist unser g\u00fcnstiges IPTV-Abonnement genau das Richtige f\u00fcr Sie! Mit einem 12-Monats-IPTV-Abo genie\u00dfen Sie eine gro\u00dfe Auswahl an Sendern aus der ganzen Welt \u2013 zu einem Bruchteil der Kosten von herk\u00f6mmlichem Kabel- oder Satellitenfernsehen.<\/p><p data-start=\"334\" data-end=\"611\">Unser IPTV-Service bietet eine Vielzahl von Sendern, darunter Sport, Filme, Nachrichten und vieles mehr. Egal, ob Sie Live-Sport lieben, die neuesten Blockbuster schauen oder stets \u00fcber aktuelle Ereignisse informiert bleiben m\u00f6chten \u2013 unser IPTV-Service bietet f\u00fcr jeden etwas.<\/p><p data-start=\"613\" data-end=\"915\" data-is-last-node=\"\" data-is-only-node=\"\">Mit unserem g\u00fcnstigen IPTV-Abonnement k\u00f6nnen Sie ein ganzes Jahr lang all Ihre Lieblingssender genie\u00dfen, ohne Ihr Budget zu sprengen.<br data-start=\"746\" data-end=\"749\" \/>Also, warum warten? Melden Sie sich noch heute f\u00fcr unseren IPTV-Service an und genie\u00dfen Sie alle Sender, die Sie lieben \u2013 zu einem Preis, den Sie sich leisten k\u00f6nnen.<\/p>\t\t\t\t\t\t\t\t<\/div>\n\t\t\t\t\t<\/div>\n\t\t<\/div>\n\t\t\t\t\t<\/div>\n\t\t<\/section>\n\t\t\t\t<section class=\"elementor-section elementor-top-section elementor-element elementor-element-5677b53 elementor-section-boxed elementor-section-height-default elementor-section-height-default\" data-id=\"5677b53\" data-element_type=\"section\">\n\t\t\t\t\t\t<div class=\"elementor-container elementor-column-gap-default\">\n\t\t\t\t\t<div class=\"elementor-column elementor-col-100 elementor-top-column elementor-element elementor-element-3277575\" data-id=\"3277575\" data-element_type=\"column\">\n\t\t\t<div class=\"elementor-widget-wrap\">\n\t\t\t\t\t\t\t<\/div>\n\t\t<\/div>\n\t\t\t\t\t<\/div>\n\t\t<\/section>\n\t\t\t\t<\/div>","protected":false},"excerpt":{"rendered":"<p>Entdecken Sie \u00fcber 17.000 Premium-IPTV-Sender f\u00fcr ein unvergleichliches Fernseherlebnis Suchen Sie nach einer g\u00fcnstigen M\u00f6glichkeit, auf Ihre Lieblingssender zuzugreifen?Dann ist unser g\u00fcnstiges IPTV-Abonnement genau das Richtige f\u00fcr Sie! Mit einem 12-Monats-IPTV-Abo genie\u00dfen Sie eine gro\u00dfe Auswahl an Sendern aus der ganzen Welt \u2013 zu einem Bruchteil der Kosten von herk\u00f6mmlichem Kabel- oder Satellitenfernsehen. Unser IPTV-Service bietet eine Vielzahl von Sendern, [&hellip;]<\/p>","protected":false},"author":4,"featured_media":0,"parent":0,"menu_order":0,"comment_status":"closed","ping_status":"closed","template":"elementor_header_footer","meta":{"om_disable_all_campaigns":false,"_monsterinsights_skip_tracking":false,"_monsterinsights_sitenote_active":false,"_monsterinsights_sitenote_note":"","_monsterinsights_sitenote_category":0,"footnotes":""},"class_list":["post-749","page","type-page","status-publish","hentry"],"aioseo_notices":[],"_links":{"self":[{"href":"https:\/\/hyper-tv.store\/fr\/wp-json\/wp\/v2\/pages\/749","targetHints":{"allow":["GET"]}}],"collection":[{"href":"https:\/\/hyper-tv.store\/fr\/wp-json\/wp\/v2\/pages"}],"about":[{"href":"https:\/\/hyper-tv.store\/fr\/wp-json\/wp\/v2\/types\/page"}],"author":[{"embeddable":true,"href":"https:\/\/hyper-tv.store\/fr\/wp-json\/wp\/v2\/users\/4"}],"replies":[{"embeddable":true,"href":"https:\/\/hyper-tv.store\/fr\/wp-json\/wp\/v2\/comments?post=749"}],"version-history":[{"count":19,"href":"https:\/\/hyper-tv.store\/fr\/wp-json\/wp\/v2\/pages\/749\/revisions"}],"predecessor-version":[{"id":2710,"href":"https:\/\/hyper-tv.store\/fr\/wp-json\/wp\/v2\/pages\/749\/revisions\/2710"}],"wp:attachment":[{"href":"https:\/\/hyper-tv.store\/fr\/wp-json\/wp\/v2\/media?parent=749"}],"curies":[{"name":"wp","href":"https:\/\/api.w.org\/{rel}","templated":true}]}}