{"id":1511,"date":"2023-08-14T14:42:58","date_gmt":"2023-08-14T14:42:58","guid":{"rendered":"https:\/\/mediumaquamarine-partridge-999716.hostingersite.com\/?page_id=1511"},"modified":"2025-11-24T08:39:42","modified_gmt":"2025-11-24T08:39:42","slug":"faq","status":"publish","type":"page","link":"https:\/\/hyper-tv.store\/fr\/faq\/","title":{"rendered":"FAQ"},"content":{"rendered":"<div data-elementor-type=\"wp-page\" data-elementor-id=\"1511\" class=\"elementor elementor-1511\" data-elementor-post-type=\"page\">\n\t\t\t\t\t\t<section class=\"elementor-section elementor-top-section elementor-element elementor-element-5bc3297 elementor-section-boxed elementor-section-height-default elementor-section-height-default\" data-id=\"5bc3297\" data-element_type=\"section\">\n\t\t\t\t\t\t<div class=\"elementor-container elementor-column-gap-default\">\n\t\t\t\t\t<div class=\"elementor-column elementor-col-100 elementor-top-column elementor-element elementor-element-874eb31\" data-id=\"874eb31\" data-element_type=\"column\">\n\t\t\t<div class=\"elementor-widget-wrap elementor-element-populated\">\n\t\t\t\t\t\t<div class=\"elementor-element elementor-element-e89bf66 elementor-widget elementor-widget-heading\" data-id=\"e89bf66\" data-element_type=\"widget\" data-widget_type=\"heading.default\">\n\t\t\t\t\t<h2 class=\"elementor-heading-title elementor-size-default\">H\u00e4ufig gestellte Fragen<\/h2>\t\t\t\t<\/div>\n\t\t\t\t<div class=\"elementor-element elementor-element-6be3100 elementor-widget elementor-widget-text-editor\" data-id=\"6be3100\" data-element_type=\"widget\" data-widget_type=\"text-editor.default\">\n\t\t\t\t\t\t\t\t\t<p>Im Folgenden finden Sie eine Liste h\u00e4ufig gestellter Fragen (FAQs) sowie die dazugeh\u00f6rigen Antworten zu einem bestimmten Thema. Diese Fragen werden oft von Nutzern gestellt, die Informationen oder Klarstellungen zu diesem Themenbereich suchen.<\/p>\t\t\t\t\t\t\t\t<\/div>\n\t\t\t\t\t<\/div>\n\t\t<\/div>\n\t\t\t\t\t<\/div>\n\t\t<\/section>\n\t\t\t\t<section class=\"elementor-section elementor-top-section elementor-element elementor-element-657ba9a elementor-section-boxed elementor-section-height-default elementor-section-height-default\" data-id=\"657ba9a\" data-element_type=\"section\">\n\t\t\t\t\t\t<div class=\"elementor-container elementor-column-gap-default\">\n\t\t\t\t\t<div class=\"elementor-column elementor-col-100 elementor-top-column elementor-element elementor-element-23e80f3\" data-id=\"23e80f3\" data-element_type=\"column\">\n\t\t\t<div class=\"elementor-widget-wrap elementor-element-populated\">\n\t\t\t\t\t\t<div class=\"elementor-element elementor-element-52a6e82 elementor-widget elementor-widget-sina_accordion\" data-id=\"52a6e82\" data-element_type=\"widget\" data-widget_type=\"sina_accordion.default\">\n\t\t\t\t<div class=\"elementor-widget-container\">\n\t\t\t\t\t\t\t<div class=\"sina-accordion\"\r\n\t\tdata-open-first=\"\">\r\n\t\t\t\t\t\t\t<div class=\"sina-accordion-item elementor-repeater-item-c2955cf\">\r\n\t\t\t\t\t<h4 class=\"sina-accordion-header sina-flex\">\r\n\t\t\t\t\t\t\t\t\t\t\t\tWas ist IPTV?\u202c\u200c\u200c\u200c\u200c\u200c\u200c\u200d\u200c\u202c\u200d\u200c\u200c\u200c\u200c\u200c\ufeff\ufeff\ufeff\u202c\u200c\u200c\u200c\u200c\u200c\u200c\u200d\u200c\u202c\u200d\u200c\u200c\u200c\u200c\u200c\ufeff\ufeff\ufeff\u202c\u200d\u200c\u200c\u200c\u200c\u200c\ufeff\ufeff\ufeff\u200c\u200c\u200c\u200c\u200c\u202c\u200c\u200c\u200c\u200c\u200c\u200c\u200d\u200c\u202c\u200d\u200c\u200c\u200c\u200c\u200c\ufeff\ufeff\ufeff\t\t\t\t\t\t\t\t\t\t\t\t\t<span class=\"sina-accordion-icon\">\r\n\t\t\t\t\t\t\t\t<i class=\"fa fa-angle-down off\"><\/i>\r\n\t\t\t\t\t\t\t\t<i class=\"fa fa-angle-up on\"><\/i>\r\n\t\t\t\t\t\t\t<\/span>\r\n\t\t\t\t\t\t\t\t\t\t\t<\/h4>\r\n\t\t\t\t\t<div class=\"sina-accordion-body\">\r\n\t\t\t\t\t\t\t\t\t\t\t\t\t\t<div class=\"sina-accordion-desc\">\r\n\t\t\t\t\t\t\t\t\tHeutzutage gibt es viele M\u00f6glichkeiten, wie Fernsehinhalte bereitgestellt werden k\u00f6nnen. Eine der besten Technologien ist IPTV. Wie der Name bereits sagt, steht IPTV (Internet Protocol Television) f\u00fcr Fernsehen \u00fcber das Internetprotokoll. Der Dienst funktioniert in Verbindung mit Telekommunikationsnetzen, bei denen Breitbandverbindungen weit verbreitet sind. Jede Dienstleistung, die Paketdaten \u00fcbertr\u00e4gt, kann genutzt werden.\t\t\t\t\t\t\t\t<\/div>\r\n\t\t\t\t\t\t\t\t\t\t\t<\/div>\r\n\t\t\t\t<\/div>\r\n\t\t\t\t\t\t\t<div class=\"sina-accordion-item elementor-repeater-item-0a33543\">\r\n\t\t\t\t\t<h4 class=\"sina-accordion-header sina-flex\">\r\n\t\t\t\t\t\t\t\t\t\t\t\tWas passiert nach der Zahlung?\t\t\t\t\t\t\t\t\t\t\t\t\t<span class=\"sina-accordion-icon\">\r\n\t\t\t\t\t\t\t\t<i class=\"fa fa-angle-down off\"><\/i>\r\n\t\t\t\t\t\t\t\t<i class=\"fa fa-angle-up on\"><\/i>\r\n\t\t\t\t\t\t\t<\/span>\r\n\t\t\t\t\t\t\t\t\t\t\t<\/h4>\r\n\t\t\t\t\t<div class=\"sina-accordion-body\">\r\n\t\t\t\t\t\t\t\t\t\t\t\t\t\t<div class=\"sina-accordion-desc\">\r\n\t\t\t\t\t\t\t\t\tNach Ihrer Zahlung erhalten Sie eine E-Mail zur Best\u00e4tigung Ihrer Bestellung. Diese E-Mail wird automatisch an Ihre Zahlungs-E-Mail-Adresse gesendet. Unser Mitarbeiter best\u00e4tigt anschlie\u00dfend Ihre Anfrage zur Erstellung Ihres Abonnements. Bei Fragen unterst\u00fctzt Sie unser Team jederzeit w\u00e4hrend des Aktivierungsprozesses.\t\t\t\t\t\t\t\t<\/div>\r\n\t\t\t\t\t\t\t\t\t\t\t<\/div>\r\n\t\t\t\t<\/div>\r\n\t\t\t\t\t\t\t<div class=\"sina-accordion-item elementor-repeater-item-faf95c6\">\r\n\t\t\t\t\t<h4 class=\"sina-accordion-header sina-flex\">\r\n\t\t\t\t\t\t\t\t\t\t\t\tBrauche ich ein VPN, um meine Daten und Verbindung zu sch\u00fctzen?\t\t\t\t\t\t\t\t\t\t\t\t\t<span class=\"sina-accordion-icon\">\r\n\t\t\t\t\t\t\t\t<i class=\"fa fa-angle-down off\"><\/i>\r\n\t\t\t\t\t\t\t\t<i class=\"fa fa-angle-up on\"><\/i>\r\n\t\t\t\t\t\t\t<\/span>\r\n\t\t\t\t\t\t\t\t\t\t\t<\/h4>\r\n\t\t\t\t\t<div class=\"sina-accordion-body\">\r\n\t\t\t\t\t\t\t\t\t\t\t\t\t\t<div class=\"sina-accordion-desc\">\r\n\t\t\t\t\t\t\t\t\tMit unserem IPTV-Service m\u00fcssen Sie kein zus\u00e4tzliches VPN-Abonnement kaufen. Wir haben integrierte VPNs kostenlos f\u00fcr unsere Kunden bereitgestellt. Au\u00dferdem werden alle Verbindungsdaten durch externe Software Ende-zu-Ende verschl\u00fcsselt. Selbst unser Team hat keinen Zugriff auf Ihre Anmeldedaten.\t\t\t\t\t\t\t\t<\/div>\r\n\t\t\t\t\t\t\t\t\t\t\t<\/div>\r\n\t\t\t\t<\/div>\r\n\t\t\t\t\t\t\t<div class=\"sina-accordion-item elementor-repeater-item-f140cab\">\r\n\t\t\t\t\t<h4 class=\"sina-accordion-header sina-flex\">\r\n\t\t\t\t\t\t\t\t\t\t\t\tIst Ihr IPTV-Abonnement mit meiner App kompatibel?\t\t\t\t\t\t\t\t\t\t\t\t\t<span class=\"sina-accordion-icon\">\r\n\t\t\t\t\t\t\t\t<i class=\"fa fa-angle-down off\"><\/i>\r\n\t\t\t\t\t\t\t\t<i class=\"fa fa-angle-up on\"><\/i>\r\n\t\t\t\t\t\t\t<\/span>\r\n\t\t\t\t\t\t\t\t\t\t\t<\/h4>\r\n\t\t\t\t\t<div class=\"sina-accordion-body\">\r\n\t\t\t\t\t\t\t\t\t\t\t\t\t\t<div class=\"sina-accordion-desc\">\r\n\t\t\t\t\t\t\t\t\tJa, unsere IPTV-Abonnements sind mit allen Ger\u00e4tetypen und Anwendungen kompatibel. Wenn Sie Fragen haben, wird sich unser Team nach Ihrem Kauf mit Ihnen in Verbindung setzen, um Ihnen umfassend zu helfen.\t\t\t\t\t\t\t\t<\/div>\r\n\t\t\t\t\t\t\t\t\t\t\t<\/div>\r\n\t\t\t\t<\/div>\r\n\t\t\t\t\t\t\t<div class=\"sina-accordion-item elementor-repeater-item-eede8c5\">\r\n\t\t\t\t\t<h4 class=\"sina-accordion-header sina-flex\">\r\n\t\t\t\t\t\t\t\t\t\t\t\tKann ich das auf einem Smart TV benutzen?\t\t\t\t\t\t\t\t\t\t\t\t\t<span class=\"sina-accordion-icon\">\r\n\t\t\t\t\t\t\t\t<i class=\"fa fa-angle-down off\"><\/i>\r\n\t\t\t\t\t\t\t\t<i class=\"fa fa-angle-up on\"><\/i>\r\n\t\t\t\t\t\t\t<\/span>\r\n\t\t\t\t\t\t\t\t\t\t\t<\/h4>\r\n\t\t\t\t\t<div class=\"sina-accordion-body\">\r\n\t\t\t\t\t\t\t\t\t\t\t\t\t\t<div class=\"sina-accordion-desc\">\r\n\t\t\t\t\t\t\t\t\tJa, Sie k\u00f6nnen IPTV auf einem Smart-TV verwenden. Sie m\u00fcssen lediglich unsere IPTV-App herunterladen. Kontaktieren Sie uns und teilen Sie uns die Marke Ihres Fernsehers mit, da sich die Installationsmethoden je nach Modell unterscheiden. Wir helfen Ihnen gerne bei der Einrichtung.\t\t\t\t\t\t\t\t<\/div>\r\n\t\t\t\t\t\t\t\t\t\t\t<\/div>\r\n\t\t\t\t<\/div>\r\n\t\t\t\t\t\t\t<div class=\"sina-accordion-item elementor-repeater-item-6d0ed2e\">\r\n\t\t\t\t\t<h4 class=\"sina-accordion-header sina-flex\">\r\n\t\t\t\t\t\t\t\t\t\t\t\tBrauche ich eine Satellitensch\u00fcssel, um IPTV zu nutzen?\t\t\t\t\t\t\t\t\t\t\t\t\t<span class=\"sina-accordion-icon\">\r\n\t\t\t\t\t\t\t\t<i class=\"fa fa-angle-down off\"><\/i>\r\n\t\t\t\t\t\t\t\t<i class=\"fa fa-angle-up on\"><\/i>\r\n\t\t\t\t\t\t\t<\/span>\r\n\t\t\t\t\t\t\t\t\t\t\t<\/h4>\r\n\t\t\t\t\t<div class=\"sina-accordion-body\">\r\n\t\t\t\t\t\t\t\t\t\t\t\t\t\t<div class=\"sina-accordion-desc\">\r\n\t\t\t\t\t\t\t\t\tNein, Sie verbinden sich \u00fcber das Internet mit unseren Servern. Sie ben\u00f6tigen weder eine Satellitensch\u00fcssel noch andere Sat-Ausr\u00fcstung.\t\t\t\t\t\t\t\t<\/div>\r\n\t\t\t\t\t\t\t\t\t\t\t<\/div>\r\n\t\t\t\t<\/div>\r\n\t\t\t\t\t\t\t<div class=\"sina-accordion-item elementor-repeater-item-32058d6\">\r\n\t\t\t\t\t<h4 class=\"sina-accordion-header sina-flex\">\r\n\t\t\t\t\t\t\t\t\t\t\t\tWelche Garantien bieten Sie hinsichtlich der Servicequalit\u00e4t?\t\t\t\t\t\t\t\t\t\t\t\t\t<span class=\"sina-accordion-icon\">\r\n\t\t\t\t\t\t\t\t<i class=\"fa fa-angle-down off\"><\/i>\r\n\t\t\t\t\t\t\t\t<i class=\"fa fa-angle-up on\"><\/i>\r\n\t\t\t\t\t\t\t<\/span>\r\n\t\t\t\t\t\t\t\t\t\t\t<\/h4>\r\n\t\t\t\t\t<div class=\"sina-accordion-body\">\r\n\t\t\t\t\t\t\t\t\t\t\t\t\t\t<div class=\"sina-accordion-desc\">\r\n\t\t\t\t\t\t\t\t\tWir bieten den leistungsst\u00e4rksten IPTV-Dienst in Europa. Unsere Server verf\u00fcgen \u00fcber hohe Bandbreite und Anti-Freeze-Technologie. Au\u00dferdem bieten wir einen schnellen E-Mail-Lieferservice f\u00fcr Bestellungen. Sollte eines Ihrer Abonnements nicht funktionieren, l\u00f6sen wir das Problem immer oder stellen Ihnen eine alternative L\u00f6sung bereit.\t\t\t\t\t\t\t\t<\/div>\r\n\t\t\t\t\t\t\t\t\t\t\t<\/div>\r\n\t\t\t\t<\/div>\r\n\t\t\t\t\t<\/div><!-- .sina-accordion -->\r\n\t\t\t\t\t\t<\/div>\n\t\t\t\t<\/div>\n\t\t\t\t\t<\/div>\n\t\t<\/div>\n\t\t\t\t\t<\/div>\n\t\t<\/section>\n\t\t\t\t<\/div>","protected":false},"excerpt":{"rendered":"<p>H\u00e4ufig gestellte Fragen Im Folgenden finden Sie eine Liste h\u00e4ufig gestellter Fragen (FAQs) sowie die dazugeh\u00f6rigen Antworten zu einem bestimmten Thema. Diese Fragen werden oft von Nutzern gestellt, die Informationen oder Klarstellungen zu diesem Themenbereich suchen. Was ist IPTV?\u202c\u200c\u200c\u200c\u200c\u200c\u200c\u200d\u200c\u202c\u200d\u200c\u200c\u200c\u200c\u200c\ufeff\ufeff\ufeff\u202c\u200c\u200c\u200c\u200c\u200c\u200c\u200d\u200c\u202c\u200d\u200c\u200c\u200c\u200c\u200c\ufeff\ufeff\ufeff\u202c\u200d\u200c\u200c\u200c\u200c\u200c\ufeff\ufeff\ufeff\u200c\u200c\u200c\u200c\u200c\u202c\u200c\u200c\u200c\u200c\u200c\u200c\u200d\u200c\u202c\u200d\u200c\u200c\u200c\u200c\u200c\ufeff\ufeff\ufeff Heutzutage gibt es viele M\u00f6glichkeiten, wie Fernsehinhalte bereitgestellt werden k\u00f6nnen. Eine der besten Technologien ist IPTV. Wie der Name bereits sagt, [&hellip;]<\/p>","protected":false},"author":4,"featured_media":0,"parent":0,"menu_order":0,"comment_status":"closed","ping_status":"closed","template":"elementor_header_footer","meta":{"om_disable_all_campaigns":false,"_monsterinsights_skip_tracking":false,"_monsterinsights_sitenote_active":false,"_monsterinsights_sitenote_note":"","_monsterinsights_sitenote_category":0,"footnotes":""},"class_list":["post-1511","page","type-page","status-publish","hentry"],"aioseo_notices":[],"_links":{"self":[{"href":"https:\/\/hyper-tv.store\/fr\/wp-json\/wp\/v2\/pages\/1511","targetHints":{"allow":["GET"]}}],"collection":[{"href":"https:\/\/hyper-tv.store\/fr\/wp-json\/wp\/v2\/pages"}],"about":[{"href":"https:\/\/hyper-tv.store\/fr\/wp-json\/wp\/v2\/types\/page"}],"author":[{"embeddable":true,"href":"https:\/\/hyper-tv.store\/fr\/wp-json\/wp\/v2\/users\/4"}],"replies":[{"embeddable":true,"href":"https:\/\/hyper-tv.store\/fr\/wp-json\/wp\/v2\/comments?post=1511"}],"version-history":[{"count":6,"href":"https:\/\/hyper-tv.store\/fr\/wp-json\/wp\/v2\/pages\/1511\/revisions"}],"predecessor-version":[{"id":2680,"href":"https:\/\/hyper-tv.store\/fr\/wp-json\/wp\/v2\/pages\/1511\/revisions\/2680"}],"wp:attachment":[{"href":"https:\/\/hyper-tv.store\/fr\/wp-json\/wp\/v2\/media?parent=1511"}],"curies":[{"name":"wp","href":"https:\/\/api.w.org\/{rel}","templated":true}]}}