{"id":405,"date":"2023-05-24T15:41:00","date_gmt":"2023-05-24T15:41:00","guid":{"rendered":"https:\/\/www.iptveurope4k.store\/?page_id=405"},"modified":"2025-11-24T09:01:09","modified_gmt":"2025-11-24T09:01:09","slug":"privacy-policy-2","status":"publish","type":"page","link":"https:\/\/hyper-tv.store\/de\/privacy-policy-2\/","title":{"rendered":"Datenschutzbestimmungen"},"content":{"rendered":"<div data-elementor-type=\"wp-page\" data-elementor-id=\"405\" class=\"elementor elementor-405\" data-elementor-post-type=\"page\">\n\t\t\t\t\t\t<section class=\"elementor-section elementor-top-section elementor-element elementor-element-45ed267 elementor-section-boxed elementor-section-height-default elementor-section-height-default\" data-id=\"45ed267\" data-element_type=\"section\">\n\t\t\t\t\t\t<div class=\"elementor-container elementor-column-gap-default\">\n\t\t\t\t\t<div class=\"elementor-column elementor-col-100 elementor-top-column elementor-element elementor-element-7403c67\" data-id=\"7403c67\" data-element_type=\"column\">\n\t\t\t<div class=\"elementor-widget-wrap elementor-element-populated\">\n\t\t\t\t\t\t<div class=\"elementor-element elementor-element-3dbf881 elementor-widget elementor-widget-heading\" data-id=\"3dbf881\" data-element_type=\"widget\" data-widget_type=\"heading.default\">\n\t\t\t\t\t<h2 class=\"elementor-heading-title elementor-size-default\">Datenschutzrichtlinie<\/h2>\t\t\t\t<\/div>\n\t\t\t\t\t<\/div>\n\t\t<\/div>\n\t\t\t\t\t<\/div>\n\t\t<\/section>\n\t\t\t\t<section class=\"elementor-section elementor-top-section elementor-element elementor-element-7959e26c elementor-section-boxed elementor-section-height-default elementor-section-height-default\" data-id=\"7959e26c\" data-element_type=\"section\">\n\t\t\t\t\t\t<div class=\"elementor-container elementor-column-gap-default\">\n\t\t\t\t\t<div class=\"elementor-column elementor-col-100 elementor-top-column elementor-element elementor-element-66701fce\" data-id=\"66701fce\" data-element_type=\"column\">\n\t\t\t<div class=\"elementor-widget-wrap elementor-element-populated\">\n\t\t\t\t\t\t<div class=\"elementor-element elementor-element-137e1ee5 elementor-widget elementor-widget-text-editor\" data-id=\"137e1ee5\" data-element_type=\"widget\" data-widget_type=\"text-editor.default\">\n\t\t\t\t\t\t\t\t\t<p>Bei <strong data-start=\"99\" data-end=\"112\">HyperIPTV<\/strong> respektieren wir Ihre Privatsph\u00e4re und verpflichten uns, Ihre pers\u00f6nlichen Daten zu sch\u00fctzen. Diese Datenschutzrichtlinie erkl\u00e4rt, wie wir Ihre personenbezogenen Daten erfassen, verwenden und weitergeben, wenn Sie unseren IPTV-Service nutzen.<\/p>\n<hr data-start=\"357\" data-end=\"360\" \/>\n<p><strong data-start=\"366\" data-end=\"402\">Welche Informationen wir sammeln<\/strong><\/p>\n<p>Wir erfassen personenbezogene Daten, wenn Sie sich f\u00fcr unseren IPTV-Service anmelden, unsere Website nutzen oder auf andere Weise mit uns interagieren. Diese Informationen k\u00f6nnen Folgendes umfassen:<\/p>\n<ul data-start=\"604\" data-end=\"802\">\n<li data-start=\"604\" data-end=\"664\">Ihren Namen, Ihre E-Mail-Adresse und andere Kontaktdaten<\/li>\n<li data-start=\"665\" data-end=\"707\">Abrechnungs- und Zahlungsinformationen<\/li>\n<li data-start=\"708\" data-end=\"759\">Ihre IP-Adresse und weitere Ger\u00e4teinformationen<\/li>\n<li data-start=\"760\" data-end=\"802\">Ihre Nutzungs- und Sehgewohnheitsdaten<\/li>\n<\/ul>\n<hr data-start=\"804\" data-end=\"807\" \/>\n<p><strong data-start=\"813\" data-end=\"853\">Wie wir Ihre Informationen verwenden<\/strong><\/p>\n<p>Wir verwenden Ihre personenbezogenen Daten, um Ihnen unseren IPTV-Service bereitzustellen, mit Ihnen zu kommunizieren, Zahlungen zu verarbeiten und unseren Service zu verbessern. Wir k\u00f6nnen Ihre Daten auch f\u00fcr Marketingzwecke verwenden \u2013 jedoch nur mit Ihrer Zustimmung.<\/p>\n<hr data-start=\"1127\" data-end=\"1130\" \/>\n<p data-start=\"1132\" data-end=\"1178\"><strong data-start=\"1136\" data-end=\"1178\">Wie wir Ihre Informationen weitergeben<\/strong><\/p>\n<p>Wir k\u00f6nnen Ihre personenbezogenen Daten mit Drittanbietern teilen, die uns bei der Bereitstellung unseres IPTV-Dienstes, der Zahlungsabwicklung oder der Verbesserung unseres Services unterst\u00fctzen.<br data-start=\"1376\" data-end=\"1379\" \/>Wir k\u00f6nnen Ihre Daten au\u00dferdem an Strafverfolgungsbeh\u00f6rden oder andere Dritte weitergeben, wenn dies gesetzlich erforderlich ist oder wir unsere Rechte oder unser Eigentum sch\u00fctzen m\u00fcssen.<\/p>\n<hr data-start=\"1569\" data-end=\"1572\" \/>\n<p data-start=\"1574\" data-end=\"1612\"><strong data-start=\"1578\" data-end=\"1612\">Sicherheit Ihrer Informationen<\/strong><\/p>\n<p>Wir ergreifen angemessene Ma\u00dfnahmen, um Ihre personenbezogenen Daten vor unbefugtem Zugriff, Missbrauch oder Offenlegung zu sch\u00fctzen. Dennoch ist keine Methode der Internet\u00fcbertragung oder elektronischen Speicherung zu 100 % sicher.<\/p>\n<hr data-start=\"1848\" data-end=\"1851\" \/>\n<p data-start=\"1853\" data-end=\"1894\"><strong data-start=\"1857\" data-end=\"1894\">Cookies und \u00e4hnliche Technologien<\/strong><\/p>\n<p>Wir verwenden m\u00f6glicherweise Cookies und \u00e4hnliche Technologien, um Informationen \u00fcber Ihre Nutzung unseres IPTV-Dienstes zu sammeln und Ihr Nutzungserlebnis zu personalisieren. Sie k\u00f6nnen Ihre Cookie-Einstellungen in Ihrem Browser verwalten.<\/p>\n<hr data-start=\"2139\" data-end=\"2142\" \/>\n<p data-start=\"2144\" data-end=\"2175\"><strong data-start=\"2148\" data-end=\"2175\">Datenschutz von Kindern<\/strong><\/p>\n<p>Unser IPTV-Service ist nicht f\u00fcr Kinder unter 13 Jahren bestimmt. Wir erheben wissentlich keine personenbezogenen Daten von Kindern unter 13 Jahren.<\/p>\n<hr data-start=\"2327\" data-end=\"2330\" \/>\n<p data-start=\"2332\" data-end=\"2379\"><strong data-start=\"2336\" data-end=\"2379\">\u00c4nderungen dieser Datenschutzrichtlinie<\/strong><\/p>\n<p>Wir k\u00f6nnen diese Datenschutzrichtlinie gelegentlich aktualisieren. Alle \u00c4nderungen treten sofort nach der Ver\u00f6ffentlichung auf unserer Website in Kraft.<\/p>\n<hr data-start=\"2535\" data-end=\"2538\" \/>\n<p><strong data-start=\"2544\" data-end=\"2568\">Kontaktieren Sie uns<\/strong><\/p>\n<p>Wenn Sie Fragen oder Bedenken bez\u00fcglich dieser Datenschutzrichtlinie oder der Verarbeitung Ihrer personenbezogenen Daten haben, kontaktieren Sie uns bitte.<\/p>\n<p><!-- \/wp:paragraph --><\/p>\t\t\t\t\t\t\t\t<\/div>\n\t\t\t\t\t<\/div>\n\t\t<\/div>\n\t\t\t\t\t<\/div>\n\t\t<\/section>\n\t\t\t\t<\/div>","protected":false},"excerpt":{"rendered":"<p>Datenschutzrichtlinie Bei HyperIPTV respektieren wir Ihre Privatsph\u00e4re und verpflichten uns, Ihre pers\u00f6nlichen Daten zu sch\u00fctzen. Diese Datenschutzrichtlinie erkl\u00e4rt, wie wir Ihre personenbezogenen Daten erfassen, verwenden und weitergeben, wenn Sie unseren IPTV-Service nutzen. Welche Informationen wir sammeln Wir erfassen personenbezogene Daten, wenn Sie sich f\u00fcr unseren IPTV-Service anmelden, unsere Website nutzen oder auf andere Weise mit uns interagieren. Diese Informationen k\u00f6nnen [&hellip;]<\/p>","protected":false},"author":4,"featured_media":0,"parent":0,"menu_order":0,"comment_status":"closed","ping_status":"closed","template":"elementor_header_footer","meta":{"om_disable_all_campaigns":false,"_monsterinsights_skip_tracking":false,"_monsterinsights_sitenote_active":false,"_monsterinsights_sitenote_note":"","_monsterinsights_sitenote_category":0,"footnotes":""},"class_list":["post-405","page","type-page","status-publish","hentry"],"aioseo_notices":[],"_links":{"self":[{"href":"https:\/\/hyper-tv.store\/de\/wp-json\/wp\/v2\/pages\/405","targetHints":{"allow":["GET"]}}],"collection":[{"href":"https:\/\/hyper-tv.store\/de\/wp-json\/wp\/v2\/pages"}],"about":[{"href":"https:\/\/hyper-tv.store\/de\/wp-json\/wp\/v2\/types\/page"}],"author":[{"embeddable":true,"href":"https:\/\/hyper-tv.store\/de\/wp-json\/wp\/v2\/users\/4"}],"replies":[{"embeddable":true,"href":"https:\/\/hyper-tv.store\/de\/wp-json\/wp\/v2\/comments?post=405"}],"version-history":[{"count":13,"href":"https:\/\/hyper-tv.store\/de\/wp-json\/wp\/v2\/pages\/405\/revisions"}],"predecessor-version":[{"id":2699,"href":"https:\/\/hyper-tv.store\/de\/wp-json\/wp\/v2\/pages\/405\/revisions\/2699"}],"wp:attachment":[{"href":"https:\/\/hyper-tv.store\/de\/wp-json\/wp\/v2\/media?parent=405"}],"curies":[{"name":"wp","href":"https:\/\/api.w.org\/{rel}","templated":true}]}}