{"id":401,"date":"2023-05-24T15:36:03","date_gmt":"2023-05-24T15:36:03","guid":{"rendered":"https:\/\/www.iptveurope4k.store\/?page_id=401"},"modified":"2025-11-24T09:43:22","modified_gmt":"2025-11-24T09:43:22","slug":"refund-policy","status":"publish","type":"page","link":"https:\/\/hyper-tv.store\/de\/refund-policy\/","title":{"rendered":"R\u00fcckerstattungsrichtlinie"},"content":{"rendered":"<div data-elementor-type=\"wp-page\" data-elementor-id=\"401\" class=\"elementor elementor-401\" data-elementor-post-type=\"page\">\n\t\t\t\t\t\t<section class=\"elementor-section elementor-top-section elementor-element elementor-element-a26053a elementor-section-boxed elementor-section-height-default elementor-section-height-default\" data-id=\"a26053a\" data-element_type=\"section\">\n\t\t\t\t\t\t<div class=\"elementor-container elementor-column-gap-default\">\n\t\t\t\t\t<div class=\"elementor-column elementor-col-100 elementor-top-column elementor-element elementor-element-ac965f5\" data-id=\"ac965f5\" data-element_type=\"column\">\n\t\t\t<div class=\"elementor-widget-wrap elementor-element-populated\">\n\t\t\t\t\t\t<div class=\"elementor-element elementor-element-09d7880 elementor-widget elementor-widget-heading\" data-id=\"09d7880\" data-element_type=\"widget\" data-widget_type=\"heading.default\">\n\t\t\t\t\t<h2 class=\"elementor-heading-title elementor-size-default\">R\u00fcckerstattungsrichtlinie<\/h2>\t\t\t\t<\/div>\n\t\t\t\t\t<\/div>\n\t\t<\/div>\n\t\t\t\t\t<\/div>\n\t\t<\/section>\n\t\t\t\t<section class=\"elementor-section elementor-top-section elementor-element elementor-element-6ce7fbbc elementor-section-boxed elementor-section-height-default elementor-section-height-default\" data-id=\"6ce7fbbc\" data-element_type=\"section\">\n\t\t\t\t\t\t<div class=\"elementor-container elementor-column-gap-default\">\n\t\t\t\t\t<div class=\"elementor-column elementor-col-100 elementor-top-column elementor-element elementor-element-13d55b27\" data-id=\"13d55b27\" data-element_type=\"column\">\n\t\t\t<div class=\"elementor-widget-wrap elementor-element-populated\">\n\t\t\t\t\t\t<div class=\"elementor-element elementor-element-2ee91e1e elementor-widget elementor-widget-text-editor\" data-id=\"2ee91e1e\" data-element_type=\"widget\" data-widget_type=\"text-editor.default\">\n\t\t\t\t\t\t\t\t\t<p data-start=\"31\" data-end=\"203\">Bitte lesen Sie die folgenden Informationen sorgf\u00e4ltig durch und senden Sie uns anschlie\u00dfend eine R\u00fcckerstattungsanfrage, indem Sie im Support-Bereich ein Ticket erstellen.<\/p>\n<p data-start=\"205\" data-end=\"497\"><strong data-start=\"205\" data-end=\"265\">R\u00fcckerstattungsanfragen m\u00fcssen klar und berechtigt sein:<\/strong><br data-start=\"265\" data-end=\"268\" \/>Bevor Sie einen Kauf t\u00e4tigen, sollten Sie unbedingt ein Testkonto anfordern. Wir bieten ein Testkonto an, damit Sie unseren Service ausprobieren k\u00f6nnen. Wenn Sie nicht zufrieden sind, kaufen Sie bitte keinen langfristigen Dienst.<\/p>\n<p data-start=\"499\" data-end=\"649\">Wenn Ihre Internetgeschwindigkeit zu langsam ist, k\u00f6nnen Sie unsere HYPER IPTV-Dienste nicht nutzen. In diesem Fall wird keine R\u00fcckerstattung gew\u00e4hrt.<\/p>\n<p data-start=\"651\" data-end=\"923\">Das gro\u00dfe HYPER IPTV-Team ist rund um die Uhr f\u00fcr Sie da. Wenn Sie den HYPER IPTV-Service aus irgendeinem Grund nicht auf Ihrem Ger\u00e4t einrichten k\u00f6nnen, gilt dies nicht als R\u00fcckerstattungsgrund. Bitte sehen Sie sich die notwendigen Anleitungen zur Einrichtung von IPTV an.<\/p>\n<p data-start=\"925\" data-end=\"1344\">Wenn Sie bei der Auswahl des Dienstes einen Fehler gemacht haben und die Zahlung abgeschlossen wurde, k\u00f6nnen Sie im Support-Bereich ein Ticket mit dem Titel <strong data-start=\"1082\" data-end=\"1102\">\u201eZahlungsfehler\u201c<\/strong> erstellen. Unser Support-Team wird den Fall pr\u00fcfen und eine R\u00fcckerstattung akzeptieren und durchf\u00fchren. Ein Beispiel: Sie wollten einen 3-Monats-Dienst kaufen, haben jedoch versehentlich ein 12-Monats-Abo oder einen anderen Zeitraum bezahlt.<\/p>\n<p data-start=\"1346\" data-end=\"1448\" data-is-last-node=\"\" data-is-only-node=\"\">Wenn Ihr Konto bereits 7 Tage oder l\u00e4nger aktiv ist, wird die R\u00fcckerstattungsanfrage nicht akzeptiert.<\/p>\n<p><!-- \/wp:paragraph --><\/p>\t\t\t\t\t\t\t\t<\/div>\n\t\t\t\t\t<\/div>\n\t\t<\/div>\n\t\t\t\t\t<\/div>\n\t\t<\/section>\n\t\t\t\t<\/div>","protected":false},"excerpt":{"rendered":"<p>R\u00fcckerstattungsrichtlinie Bitte lesen Sie die folgenden Informationen sorgf\u00e4ltig durch und senden Sie uns anschlie\u00dfend eine R\u00fcckerstattungsanfrage, indem Sie im Support-Bereich ein Ticket erstellen. R\u00fcckerstattungsanfragen m\u00fcssen klar und berechtigt sein:Bevor Sie einen Kauf t\u00e4tigen, sollten Sie unbedingt ein Testkonto anfordern. Wir bieten ein Testkonto an, damit Sie unseren Service ausprobieren k\u00f6nnen. Wenn Sie nicht zufrieden sind, kaufen Sie bitte keinen langfristigen [&hellip;]<\/p>","protected":false},"author":4,"featured_media":0,"parent":0,"menu_order":0,"comment_status":"closed","ping_status":"closed","template":"elementor_header_footer","meta":{"om_disable_all_campaigns":false,"_monsterinsights_skip_tracking":false,"_monsterinsights_sitenote_active":false,"_monsterinsights_sitenote_note":"","_monsterinsights_sitenote_category":0,"footnotes":""},"class_list":["post-401","page","type-page","status-publish","hentry"],"aioseo_notices":[],"_links":{"self":[{"href":"https:\/\/hyper-tv.store\/de\/wp-json\/wp\/v2\/pages\/401","targetHints":{"allow":["GET"]}}],"collection":[{"href":"https:\/\/hyper-tv.store\/de\/wp-json\/wp\/v2\/pages"}],"about":[{"href":"https:\/\/hyper-tv.store\/de\/wp-json\/wp\/v2\/types\/page"}],"author":[{"embeddable":true,"href":"https:\/\/hyper-tv.store\/de\/wp-json\/wp\/v2\/users\/4"}],"replies":[{"embeddable":true,"href":"https:\/\/hyper-tv.store\/de\/wp-json\/wp\/v2\/comments?post=401"}],"version-history":[{"count":8,"href":"https:\/\/hyper-tv.store\/de\/wp-json\/wp\/v2\/pages\/401\/revisions"}],"predecessor-version":[{"id":2720,"href":"https:\/\/hyper-tv.store\/de\/wp-json\/wp\/v2\/pages\/401\/revisions\/2720"}],"wp:attachment":[{"href":"https:\/\/hyper-tv.store\/de\/wp-json\/wp\/v2\/media?parent=401"}],"curies":[{"name":"wp","href":"https:\/\/api.w.org\/{rel}","templated":true}]}}